{"id":10,"date":"2023-03-31T06:21:23","date_gmt":"2023-03-31T06:21:23","guid":{"rendered":"https:\/\/www.psykoterapilotteeskesen.dk\/?page_id=10"},"modified":"2023-03-31T06:21:23","modified_gmt":"2023-03-31T06:21:23","slug":"klinik-for-psykoterapi-kropsterapi-og-sexologi","status":"publish","type":"page","link":"https:\/\/www.psykoterapilotteeskesen.dk\/?page_id=10","title":{"rendered":"Klinik for Psykoterapi, Kropsterapi og Sexologi\/"},"content":{"rendered":"\n<p><mark style=\"background-color:rgba(0, 0, 0, 0)\" class=\"has-inline-color has-contrast-color\"><sub><strong>v. Lotte Eskesen<\/strong><\/sub><\/mark><\/p>\n\n\n\n<figure class=\"wp-block-image aligncenter size-large is-resized\"><img loading=\"lazy\" decoding=\"async\" src=\"https:\/\/www.psykoterapilotteeskesen.dk\/wp-content\/uploads\/2023\/03\/Lotte-alene-Falster-sydligste-punkt-641x1024.jpg\" alt=\"\" class=\"wp-image-7\" width=\"310\" height=\"495\" srcset=\"https:\/\/www.psykoterapilotteeskesen.dk\/wp-content\/uploads\/2023\/03\/Lotte-alene-Falster-sydligste-punkt-641x1024.jpg 641w, https:\/\/www.psykoterapilotteeskesen.dk\/wp-content\/uploads\/2023\/03\/Lotte-alene-Falster-sydligste-punkt-188x300.jpg 188w, https:\/\/www.psykoterapilotteeskesen.dk\/wp-content\/uploads\/2023\/03\/Lotte-alene-Falster-sydligste-punkt-768x1228.jpg 768w, https:\/\/www.psykoterapilotteeskesen.dk\/wp-content\/uploads\/2023\/03\/Lotte-alene-Falster-sydligste-punkt-961x1536.jpg 961w, https:\/\/www.psykoterapilotteeskesen.dk\/wp-content\/uploads\/2023\/03\/Lotte-alene-Falster-sydligste-punkt-1281x2048.jpg 1281w, https:\/\/www.psykoterapilotteeskesen.dk\/wp-content\/uploads\/2023\/03\/Lotte-alene-Falster-sydligste-punkt.jpg 1422w\" sizes=\"auto, (max-width: 310px) 100vw, 310px\" \/><\/figure>\n\n\n\n<div class=\"wp-block-cover alignfull\" style=\"min-height:218px;aspect-ratio:unset;\"><span aria-hidden=\"true\" class=\"wp-block-cover__background has-background-dim\"><\/span><img loading=\"lazy\" decoding=\"async\" width=\"2560\" height=\"1707\" class=\"wp-block-cover__image-background wp-image-8\" alt=\"\" src=\"https:\/\/www.psykoterapilotteeskesen.dk\/wp-content\/uploads\/2023\/03\/Fisk-paa-vaeg-Fuerteventura-scaled.jpg\" data-object-fit=\"cover\" srcset=\"https:\/\/www.psykoterapilotteeskesen.dk\/wp-content\/uploads\/2023\/03\/Fisk-paa-vaeg-Fuerteventura-scaled.jpg 2560w, https:\/\/www.psykoterapilotteeskesen.dk\/wp-content\/uploads\/2023\/03\/Fisk-paa-vaeg-Fuerteventura-300x200.jpg 300w, https:\/\/www.psykoterapilotteeskesen.dk\/wp-content\/uploads\/2023\/03\/Fisk-paa-vaeg-Fuerteventura-1024x683.jpg 1024w, https:\/\/www.psykoterapilotteeskesen.dk\/wp-content\/uploads\/2023\/03\/Fisk-paa-vaeg-Fuerteventura-768x512.jpg 768w, https:\/\/www.psykoterapilotteeskesen.dk\/wp-content\/uploads\/2023\/03\/Fisk-paa-vaeg-Fuerteventura-1536x1024.jpg 1536w, https:\/\/www.psykoterapilotteeskesen.dk\/wp-content\/uploads\/2023\/03\/Fisk-paa-vaeg-Fuerteventura-2048x1365.jpg 2048w\" sizes=\"auto, (max-width: 2560px) 100vw, 2560px\" \/><div class=\"wp-block-cover__inner-container is-layout-flow wp-block-cover-is-layout-flow\">\n<p class=\"has-text-align-center has-large-font-size\">Klinik for Psykoterapi, Kropsterapi og Sexologi<\/p>\n<\/div><\/div>\n\n\n\n<p><strong>Kontakt:<\/strong><\/p>\n\n\n\n<p>Lotte Eskesen<\/p>\n\n\n\n<p>Mobil: 60807864<\/p>\n\n\n\n<p>Email: <a href=\"mailto:klinik.lotte.eskesen@gmail.com\">klinik.lotte.eskesen@gmail.com<\/a><\/p>\n\n\n\n<p>CVR nr.: 43876570<\/p>\n\n\n\n<p><strong>Lidt om mig:<\/strong><\/p>\n\n\n\n<p>Jeg er uddannet fysioterapeut fra 1988 og har siden da overvejende arbejdet i psykiatrien., har ogs\u00e5 erfaring med lunge \u2013 og hjertepatienter i somatikken.<\/p>\n\n\n\n<p>Fra 2001 har jeg v\u00e6ret ansat som psykoterapeut i psykiatrien og varetaget samtaleterapi b\u00e5de individuelt og i grupper.<\/p>\n\n\n\n<p>2006 Psykoterapeutisk uddannet \u2013 med krop\/traume fokus (Dynamisk referenceramme).<\/p>\n\n\n\n<p>2012 Sexologisk Counsellor uddannet.<\/p>\n\n\n\n<p>Jeg har hjulpet mennesker med angst, depression, spiseforstyrrelser, personlighedsforstyrrelser og PTSD\/ reaktioner p\u00e5 traumer.<\/p>\n\n\n\n<p>Jeg har is\u00e6r behandlet mennesker med reaktioner p\u00e5 traumer som f.eks. seksuelle overgreb i opv\u00e6ksten og voksenlivet.<\/p>\n\n\n\n<p>Min kompetence er at tale ind bag symptomerne og f\u00e5 bearbejdet de omr\u00e5der af livet der virkelig er smertefulde. Jeg har stor erfaring i at arbejde med psykoterapi og med problemstillinger med seksualitet, seksuelle overgreb, d\u00f8dsangst, angst for opl\u00f8sning, skam og skyldf\u00f8lelse, ensomhed og r\u00e6dsel \u2013 for bare at n\u00e6vne nogle tabubelagte og vanskelige f\u00f8lelsestilstande.<\/p>\n\n\n\n<p><strong>Om terapien hos mig:<\/strong><\/p>\n\n\n\n<p>Jeg tilbyder psykoterapeutisk samtaleterapi hvor der ogs\u00e5 vil v\u00e6re opm\u00e6rksomhed p\u00e5 det kropslige udtryk, kropslige indtryk, sansninger og oplevelser. Indimellem kan vi udf\u00f8re specielle \u00f8velser fx for regulering, afsp\u00e6nding eller for at \u00f8ge n\u00e6rv\u00e6r.<\/p>\n\n\n\n<p>Selv n\u00e5r vi arbejder med kroppen vil du kunne m\u00f8de op i helt almindeligt t\u00f8j. Terapien vil v\u00e6re afpasset et tempo for den enkelte og s\u00e5dan at det kan passe ind i et almindeligt hverdagsliv.<\/p>\n\n\n\n<figure class=\"wp-block-image aligncenter size-full is-resized\"><img loading=\"lazy\" decoding=\"async\" src=\"https:\/\/www.psykoterapilotteeskesen.dk\/wp-content\/uploads\/2023\/03\/Lotte-Portugal.jpg\" alt=\"\" class=\"wp-image-6\" width=\"342\" height=\"455\" srcset=\"https:\/\/www.psykoterapilotteeskesen.dk\/wp-content\/uploads\/2023\/03\/Lotte-Portugal.jpg 727w, https:\/\/www.psykoterapilotteeskesen.dk\/wp-content\/uploads\/2023\/03\/Lotte-Portugal-225x300.jpg 225w\" sizes=\"auto, (max-width: 342px) 100vw, 342px\" \/><\/figure>\n\n\n\n<p><strong>Konsulentvirksomhed:<\/strong><\/p>\n\n\n\n<p>Jeg kan bidrage med viden og oplevelser p\u00e5 en temadag i firmaer\/virksomheder\/institutioner hvor man ogs\u00e5 \u00f8nsker en kropslig forst\u00e5else og inddragelse for at skabe en helhedsorienteret tilgang. Kroppen har stor betydning for hvordan vi har det som mennesker. Trivsel er meget mere og andet end det, der sker i vores tanker. Derfor er kroppen vigtig at inddrage, n\u00e5r vi vil skabe balancerede og varige forandringer.<\/p>\n\n\n\n<p>Mit bidrag kombineres med opl\u00e6g om let forst\u00e5elig anatomi og fysiologi, som giver viden om emnet. Emner kunne v\u00e6re: stress, samarbejde, ansattes forskellige rytmer i arbejdslivet og hvordan dette kan indg\u00e5 i virksomhedens st\u00f8rre flow med respekt for den enkelte og samtidig til gavn for virksomheden. Det kunne ogs\u00e5 v\u00e6re emner som tillid, tryghed, kreativitet, balance\u2026<\/p>\n\n\n\n<p>Vinklerne i det kropslige samarbejde med mig kunne f.eks. v\u00e6re:<\/p>\n\n\n\n<ul class=\"wp-block-list\">\n<li>Ansvar og selvst\u00e6ndighed.<\/li>\n\n\n\n<li>Balancen mellem selvledelse og at f\u00f8lge anvisninger og krav i organisationen.<\/li>\n\n\n\n<li>Respekt for individets gr\u00e6nser og samtidig indg\u00e5 i en virksomheds rammer.<\/li>\n\n\n\n<li>Samarbejde, flow og pauser\u2026<\/li>\n<\/ul>\n\n\n\n<p>Der vil v\u00e6re roligt tempo, ingen vil f\u00e5 sved p\u00e5 panden, alle kan m\u00f8de op i s\u00e6dvanligt t\u00f8j. Det kropslige arbejde vil v\u00e6re enkelt, sjovt, skabe eftertanke, og medvirke til sammenh\u00e6ng mellem individ og organisation.<\/p>\n\n\n\n<figure class=\"wp-block-image aligncenter size-large is-resized\"><img loading=\"lazy\" decoding=\"async\" src=\"https:\/\/www.psykoterapilotteeskesen.dk\/wp-content\/uploads\/2023\/03\/Trope-blade-768x1024.jpg\" alt=\"\" class=\"wp-image-5\" width=\"278\" height=\"369\"\/><\/figure>\n\n\n\n<p><strong>Supervision:<\/strong><\/p>\n\n\n\n<p>Jeg har erfaring med supervision af fysioterapeuter i monofagligt regi og ligeledes med tv\u00e6rfagligt sammensatte personalegrupper i sundhedsv\u00e6snet.<\/p>\n\n\n\n<p><strong>Undervisning:<\/strong><\/p>\n\n\n\n<p>Jeg har gennem \u00e5rene undervist tv\u00e6rfaglige grupper af personale i sundhedsv\u00e6snet p\u00e5 temadage, kurser og uddannelser.<\/p>\n\n\n\n<p>Jeg har undervist p\u00e5 uddannelsen til Sexologisk Counsellor DACS med teoretisk viden og oplevelser indenfor det kropslige aspekt.<\/p>\n\n\n\n<p>Undervisningsemner har v\u00e6ret: Balance, Sanseintegration, Respiration, Gr\u00e6nser, Tillid, Flow og Rytme, N\u00e6rv\u00e6r\u2026.<\/p>\n\n\n\n<p><strong>Uddannelser:<\/strong><\/p>\n\n\n\n<ul class=\"wp-block-list\">\n<li>4 \u00e5rs Psykoterapeutisk traumefokuseret kropsterapeutisk uddannelse (Institut for somatisk psykologi\/v. Kathborg).<\/li>\n\n\n\n<li>1\u00bd \u00e5rs uddannelse i Spiseforstyrrelsesbehandling, KAT og Fairburn-metode.<\/li>\n\n\n\n<li>1 \u00e5rs forl\u00f8b i DAT behandling (Dialektisk Adf\u00e6rds Terapi).<\/li>\n\n\n\n<li>3 \u00e5rs Sexologisk uddannelse, Counsellor niveau hos DACS (Dansk forening for Kliniks Sexologi).<\/li>\n\n\n\n<li>BBAT (Basic Body Awareness Therapy) modul 1,2,3 incl seminar.<\/li>\n\n\n\n<li>2 \u00e5rs forl\u00f8b hos J. Dropsy (Grundlaget for Body Awareness Therapy).<\/li>\n\n\n\n<li>1 \u00e5rs forl\u00f8b i kognitiv PTSD-behandling (KAT).<\/li>\n\n\n\n<li>1\u00bd \u00e5rs forl\u00f8b i Selvudvikling og fysioterapi.<\/li>\n\n\n\n<li>2 \u00e5rs forl\u00f8b i Genoprettende ret og m\u00e6glende processer (m\u00e5der at f\u00e5 kr\u00e6nker og offer for seksuelle overgreb til at kommunikere med hinanden).<\/li>\n<\/ul>\n\n\n\n<p><strong>Ydelser:<\/strong><\/p>\n\n\n\n<ul class=\"wp-block-list\">\n<li>Psykoterapi samtale og kropslig tilgang<\/li>\n\n\n\n<li>Supervision<\/li>\n\n\n\n<li>Konsulent p\u00e5 temadag\/personaletr\u00e6ning eller lign i firma\/ institution<\/li>\n\n\n\n<li>Undervisning<\/li>\n\n\n\n<li>Sexologisk r\u00e5dgivning og behandling<\/li>\n<\/ul>\n\n\n\n<p><strong>Pris:<\/strong><\/p>\n\n\n\n<p>60 min          900,-kr<\/p>\n\n\n\n<p>Ved aflysning mindre end 24 timer i forvejen betales fuld pris.<\/p>\n\n\n\n<p><strong>Adresse:<\/strong><\/p>\n\n\n\n<p>Fleksibel adresse alt efter hvor du bor i Hovedstadsomr\u00e5det. Vi finder et trygt og godt sted, i n\u00e6rheden af hvor du bor. Det kan ogs\u00e5 v\u00e6re hjemme hos dig eller walk-and-talk.<\/p>\n\n\n\n<p><strong>Kontakt:<\/strong><\/p>\n\n\n\n<p>Lotte Eskesen<\/p>\n\n\n\n<p>Mobil: 60807864<\/p>\n\n\n\n<p>Email: <a href=\"mailto:klinik.lotte.eskesen@gmail.com\">klinik.lotte.eskesen@gmail.com<\/a><\/p>\n\n\n\n<p>CVR nr.: 43876570<\/p>\n\n\n\n<div class=\"wp-block-buttons is-layout-flex wp-block-buttons-is-layout-flex\"><\/div>\n\n\n\n<figure class=\"wp-block-image alignwide size-large\"><img loading=\"lazy\" decoding=\"async\" width=\"1024\" height=\"768\" src=\"https:\/\/www.psykoterapilotteeskesen.dk\/wp-content\/uploads\/2023\/03\/sten-fra-Moens-Klint-1024x768.jpg\" alt=\"\" class=\"wp-image-19\" srcset=\"https:\/\/www.psykoterapilotteeskesen.dk\/wp-content\/uploads\/2023\/03\/sten-fra-Moens-Klint-1024x768.jpg 1024w, https:\/\/www.psykoterapilotteeskesen.dk\/wp-content\/uploads\/2023\/03\/sten-fra-Moens-Klint-300x225.jpg 300w, https:\/\/www.psykoterapilotteeskesen.dk\/wp-content\/uploads\/2023\/03\/sten-fra-Moens-Klint-768x576.jpg 768w, https:\/\/www.psykoterapilotteeskesen.dk\/wp-content\/uploads\/2023\/03\/sten-fra-Moens-Klint-1536x1152.jpg 1536w, https:\/\/www.psykoterapilotteeskesen.dk\/wp-content\/uploads\/2023\/03\/sten-fra-Moens-Klint-2048x1536.jpg 2048w\" sizes=\"auto, (max-width: 1024px) 100vw, 1024px\" \/><\/figure>\n","protected":false},"excerpt":{"rendered":"<p>v. Lotte Eskesen Kontakt: Lotte Eskesen Mobil: 60807864 Email: klinik.lotte.eskesen@gmail.com CVR nr.: 43876570 Lidt om mig: Jeg er uddannet fysioterapeut fra 1988 og har siden da overvejende arbejdet i psykiatrien., har ogs\u00e5 erfaring med lunge \u2013 og hjertepatienter i somatikken. Fra 2001 har jeg v\u00e6ret ansat som psykoterapeut i psykiatrien og varetaget samtaleterapi b\u00e5de individuelt [&hellip;]<\/p>\n","protected":false},"author":1,"featured_media":0,"parent":0,"menu_order":0,"comment_status":"closed","ping_status":"closed","template":"","meta":{"footnotes":""},"class_list":["post-10","page","type-page","status-publish","hentry"],"_links":{"self":[{"href":"https:\/\/www.psykoterapilotteeskesen.dk\/index.php?rest_route=\/wp\/v2\/pages\/10","targetHints":{"allow":["GET"]}}],"collection":[{"href":"https:\/\/www.psykoterapilotteeskesen.dk\/index.php?rest_route=\/wp\/v2\/pages"}],"about":[{"href":"https:\/\/www.psykoterapilotteeskesen.dk\/index.php?rest_route=\/wp\/v2\/types\/page"}],"author":[{"embeddable":true,"href":"https:\/\/www.psykoterapilotteeskesen.dk\/index.php?rest_route=\/wp\/v2\/users\/1"}],"replies":[{"embeddable":true,"href":"https:\/\/www.psykoterapilotteeskesen.dk\/index.php?rest_route=%2Fwp%2Fv2%2Fcomments&post=10"}],"version-history":[{"count":10,"href":"https:\/\/www.psykoterapilotteeskesen.dk\/index.php?rest_route=\/wp\/v2\/pages\/10\/revisions"}],"predecessor-version":[{"id":22,"href":"https:\/\/www.psykoterapilotteeskesen.dk\/index.php?rest_route=\/wp\/v2\/pages\/10\/revisions\/22"}],"wp:attachment":[{"href":"https:\/\/www.psykoterapilotteeskesen.dk\/index.php?rest_route=%2Fwp%2Fv2%2Fmedia&parent=10"}],"curies":[{"name":"wp","href":"https:\/\/api.w.org\/{rel}","templated":true}]}}